{"id":178,"date":"2022-10-07T18:53:26","date_gmt":"2022-10-07T18:53:26","guid":{"rendered":"https:\/\/movimento-sociale-italiano.org\/?page_id=178"},"modified":"2022-10-12T06:23:26","modified_gmt":"2022-10-12T06:23:26","slug":"m-s-i-destra-nazionale","status":"publish","type":"page","link":"https:\/\/movimento-sociale-italiano.org\/?page_id=178","title":{"rendered":"M.S.I. Destra Nazionale (1972)"},"content":{"rendered":"\n<p class=\"has-white-color has-text-color\">Nel febbraio del 1972 Almirante riusc\u00ec a formare un&#8217;alleanza con il Partito Democratico Italiano di Unit\u00e0 Monarchica, una delle maggiori formazioni monarchiche italiane, da cui deriv\u00f2 anche un mutamento di denominazione del partito, da quel momento chiamato Movimento Sociale Italiano \u2013 Destra Nazionale.<\/p>\n\n\n\n<p class=\"has-white-color has-text-color\"><br>Alle Elezioni politiche in Italia del 1972 il MSI-DN (nel quale si erano anche candidati i monarchici e molti ufficiali dell&#8217;esercito e funzionari delle Forze dell&#8217;ordine tra cui l&#8217;ex partigiano Giovanni de Lorenzo) fece registrare un considerevole successo, raccogliendo l&#8217;8,7% dei voti alla Camera e il 9,2% al Senato. Contemporaneamente, in quell&#8217;anno la procura di Milano richiamandosi alla XII disposizione transitoria mise sotto inchiesta Almirante, accusandolo di tentata ricostituzione del Partito Fascista. Un anno pi\u00f9 tardi la Camera vot\u00f2 l&#8217;autorizzazione a procedere con 484 voti a favore e 60 contrari. L&#8217;inchiesta and\u00f2 avanti per qualche tempo coinvolgendo vari dirigenti missini, per essere abbandonata una volta constatato il riflusso elettorale del partito.<\/p>\n\n\n\n<p class=\"has-white-color has-text-color\">Il 10 luglio 1972 il Consiglio Nazionale del PDIUM deliber\u00f2 lo scioglimento del partito e la confluenza nel Movimento Sociale Italiano \u2013 Destra Nazionale, con una piccola parte del partito, pi\u00f9 legata all&#8217;ispirazione liberale e risorgimentale, che rifiut\u00f2 di entrare del MSI-DN e dette vita ad Alleanza Monarchica.<\/p>\n\n\n\n<p class=\"has-white-color has-text-color\">Il congresso del gennaio 1973 introdusse ufficialmente il nuovo nome nello statuto del partito, eleggendo segretario Giorgio Almirante, presidenti l&#8217;ex monarchico Alfredo Covelli e l&#8217;ammiraglio Gino Birindelli, presidente del Consiglio nazionale l&#8217;ex monarchico Achille Lauro.<\/p>\n\n\n\n<p class=\"has-white-color has-text-color\">In quegli anni il MSI-DN fece appassionate campagne (per esempio in occasione del referendum sul divorzio) sposando quasi appieno le posizioni della Chiesa cattolica, con l&#8217;evidente intento di sottrarre elettorato alla DC e sviluppando un fronte dialettico sulla via del moralismo, sia in opposizione alle posizioni ritenute \u00abscandalose\u00bb del Partito Radicale e del PSI, sia costantemente segnalando scandali di malversazione e corruttela di governanti e pubblici amministratori.<\/p>\n\n\n\n<p class=\"has-white-color has-text-color\">Negli anni 1970 il consenso giovanile al MSI-DN crebbe verticalmente e and\u00f2 ad alimentare lo scontro di piazza fra i cosiddetti opposti estremismi. Il Fronte della Giovent\u00f9, l&#8217;organizzazione giovanile del partito (che aveva preso il posto della Giovane Italia degli anni 1950\u20131960), si trov\u00f2 opposto alla FGCI, organizzazione giovanile del PCI e a quelle extraparlamentari, cos\u00ec come le frange estreme di entrambi gli schieramenti si trovarono in qualche modo rispettivamente a contatto con gruppi armati o organizzazioni terroristiche.<\/p>\n\n\n\n<p class=\"has-white-color has-text-color\">La drammaticit\u00e0 della situazione, insanguinata da decine di uccisioni (quasi sempre di giovanissimi) in entrambi i versanti, e non meno luttuosa per le forze dell&#8217;ordine, fece del MSI-DN un partito del quale in qualche modo pubblicamente si discuteva ogni giorno, fatto che gli assicur\u00f2 quell&#8217;accesso all&#8217;informazione che pure molti quotidiani e talvolta la stessa televisione di Stato cercavano di negargli. Il partito era diviso fra la corrente maggioritaria almirantiana, di carattere nazionalconservatore, e una cospicua ma minoritaria corrente pi\u00f9 ancorata al neofascismo facente capo a Pino Rauti, da questi definita \u00abnazionalpopolare\u00bb, mentre presidente restava l&#8217;autorevole Pino Romualdi.<\/p>\n","protected":false},"excerpt":{"rendered":"<p>Nel febbraio del 1972 Almirante riusc\u00ec a formare un&#8217;alleanza con il Partito Democratico Italiano di Unit\u00e0 Monarchica, una delle maggiori formazioni monarchiche italiane, da cui deriv\u00f2 anche un mutamento di denominazione del partito, da quel momento chiamato Movimento Sociale Italiano \u2013 Destra Nazionale. Alle Elezioni politiche in Italia del 1972 il MSI-DN (nel quale si [&hellip;]<\/p>\n","protected":false},"author":2,"featured_media":0,"parent":0,"menu_order":0,"comment_status":"closed","ping_status":"closed","template":"","meta":{"om_disable_all_campaigns":false,"_monsterinsights_skip_tracking":false,"_monsterinsights_sitenote_active":false,"_monsterinsights_sitenote_note":"","_monsterinsights_sitenote_category":0,"footnotes":""},"class_list":["post-178","page","type-page","status-publish"],"aioseo_notices":[],"_links":{"self":[{"href":"https:\/\/movimento-sociale-italiano.org\/index.php?rest_route=\/wp\/v2\/pages\/178","targetHints":{"allow":["GET"]}}],"collection":[{"href":"https:\/\/movimento-sociale-italiano.org\/index.php?rest_route=\/wp\/v2\/pages"}],"about":[{"href":"https:\/\/movimento-sociale-italiano.org\/index.php?rest_route=\/wp\/v2\/types\/page"}],"author":[{"embeddable":true,"href":"https:\/\/movimento-sociale-italiano.org\/index.php?rest_route=\/wp\/v2\/users\/2"}],"replies":[{"embeddable":true,"href":"https:\/\/movimento-sociale-italiano.org\/index.php?rest_route=%2Fwp%2Fv2%2Fcomments&post=178"}],"version-history":[{"count":4,"href":"https:\/\/movimento-sociale-italiano.org\/index.php?rest_route=\/wp\/v2\/pages\/178\/revisions"}],"predecessor-version":[{"id":403,"href":"https:\/\/movimento-sociale-italiano.org\/index.php?rest_route=\/wp\/v2\/pages\/178\/revisions\/403"}],"wp:attachment":[{"href":"https:\/\/movimento-sociale-italiano.org\/index.php?rest_route=%2Fwp%2Fv2%2Fmedia&parent=178"}],"curies":[{"name":"wp","href":"https:\/\/api.w.org\/{rel}","templated":true}]}}